{"id":61,"date":"2019-01-17T13:43:35","date_gmt":"2019-01-17T13:43:35","guid":{"rendered":"http:\/\/cbrcoop.qbweb.it\/?page_id=61"},"modified":"2019-09-15T20:34:08","modified_gmt":"2019-09-15T18:34:08","slug":"chi-siamo","status":"publish","type":"page","link":"https:\/\/www.cbrcoop.com\/?page_id=61","title":{"rendered":"Chi Siamo"},"content":{"rendered":"\t\t<div data-elementor-type=\"wp-post\" data-elementor-id=\"61\" class=\"elementor elementor-61\">\n\t\t\t\t\t\t<div class=\"elementor-inner\">\n\t\t\t\t<div class=\"elementor-section-wrap\">\n\t\t\t\t\t\t\t\t\t<section class=\"elementor-section elementor-top-section elementor-element elementor-element-9ed9359 elementor-section-boxed elementor-section-height-default elementor-section-height-default\" data-id=\"9ed9359\" data-element_type=\"section\">\n\t\t\t\t\t\t<div class=\"elementor-container elementor-column-gap-default\">\n\t\t\t\t\t\t\t<div class=\"elementor-row\">\n\t\t\t\t\t<div class=\"elementor-column elementor-col-100 elementor-top-column elementor-element elementor-element-5eb54b2\" data-id=\"5eb54b2\" data-element_type=\"column\">\n\t\t\t<div class=\"elementor-column-wrap elementor-element-populated\">\n\t\t\t\t\t\t\t<div class=\"elementor-widget-wrap\">\n\t\t\t\t\t\t<div class=\"elementor-element elementor-element-c7d4aa0 elementor-aspect-ratio-169 elementor-widget elementor-widget-video\" data-id=\"c7d4aa0\" data-element_type=\"widget\" data-settings=\"{&quot;youtube_url&quot;:&quot;https:\\\/\\\/youtu.be\\\/A8YjYYa5Wrc&quot;,&quot;autoplay&quot;:&quot;yes&quot;,&quot;modestbranding&quot;:&quot;yes&quot;,&quot;yt_privacy&quot;:&quot;yes&quot;,&quot;video_type&quot;:&quot;youtube&quot;,&quot;controls&quot;:&quot;yes&quot;,&quot;aspect_ratio&quot;:&quot;169&quot;}\" data-widget_type=\"video.default\">\n\t\t\t\t<div class=\"elementor-widget-container\">\n\t\t\t\t\t<div class=\"elementor-wrapper elementor-fit-aspect-ratio elementor-open-inline\">\n\t\t\t<div class=\"elementor-video\"><\/div>\t\t<\/div>\n\t\t\t\t<\/div>\n\t\t\t\t<\/div>\n\t\t\t\t\t\t<\/div>\n\t\t\t\t\t<\/div>\n\t\t<\/div>\n\t\t\t\t\t\t\t\t<\/div>\n\t\t\t\t\t<\/div>\n\t\t<\/section>\n\t\t\t\t<section class=\"elementor-section elementor-top-section elementor-element elementor-element-e5560d1 elementor-section-boxed elementor-section-height-default elementor-section-height-default\" data-id=\"e5560d1\" data-element_type=\"section\">\n\t\t\t\t\t\t<div class=\"elementor-container elementor-column-gap-default\">\n\t\t\t\t\t\t\t<div class=\"elementor-row\">\n\t\t\t\t\t<div class=\"elementor-column elementor-col-100 elementor-top-column elementor-element elementor-element-04df5ae\" data-id=\"04df5ae\" data-element_type=\"column\">\n\t\t\t<div class=\"elementor-column-wrap elementor-element-populated\">\n\t\t\t\t\t\t\t<div class=\"elementor-widget-wrap\">\n\t\t\t\t\t\t<div class=\"elementor-element elementor-element-2d32b85 elementor-widget elementor-widget-text-editor\" data-id=\"2d32b85\" data-element_type=\"widget\" data-widget_type=\"text-editor.default\">\n\t\t\t\t<div class=\"elementor-widget-container\">\n\t\t\t\t\t\t\t\t<div class=\"elementor-text-editor elementor-clearfix\">\n\t\t\t\t<hr \/>\n<p style=\"text-align: justify;\"><em>1946. L&#8217;Italia sta alzando la testa dopo una guerra che l&#8217;ha devastata. C&#8217;\u00e8 una nazione da ricostruire un popolo da ricompattare. Rimini \u00e8 uscita dal conflitto con il 35% dei suoi fabbricati andati completamente distrutti. Solo il 2% \u00e8 stato risparmiato dalle bombe. Le strade sono colabrodi, le infrastrutture praticamente inesistenti. Il desiderio di rinascita \u00e8 forte e c&#8217;\u00e8 grande fermento, ma non mancano le difficolt\u00e0.<br \/><\/em><em>Sono i mesi del referendum istituzionale che vedr\u00e0 imporsi La Repubblica, quando a Rimini nasce la <strong>CBR<\/strong>, la Cooperativa Braccianti Riminese; \u00e8 un piccolo gruppo di uomini motivati a prendere in mano il proprio futuro, che fonda quella che nel tempo diventer\u00e0 una cooperativa di riferimento per tutto il territorio riminese. L&#8217;impegno, la volont\u00e0, la tenacia, portano i loro frutti: in pochi anni la CBR diventa punto di riferimento per tanti lavoratori, si afferma ed accredita sul territorio, la base sociale si allarga sempre di pi\u00f9 e aumenta il lavoro.<\/em><\/p>\n<p style=\"text-align: justify;\"><em>Il lungomare di Rimini, gli arredi dei centri di Riccione, Cattolica, Bellaria, Faenza, Ancona, centinaia di chilometri di strade, la tangenziale di Forl\u00ec e il cantiere per l&#8217;ampliamento della 14; ma anche i grandi parchi tematici di Oltremare e Mirabilandia, sono tanti segni visibili del lavoro della Cooperativa Braccianti Riminese, ma sono ancor di pi\u00f9 quelli che non si vedono, sottoservizi e metanizzazioni in testa.<\/em><\/p>\t\t\t\t\t<\/div>\n\t\t\t\t\t\t<\/div>\n\t\t\t\t<\/div>\n\t\t\t\t\t\t<\/div>\n\t\t\t\t\t<\/div>\n\t\t<\/div>\n\t\t\t\t\t\t\t\t<\/div>\n\t\t\t\t\t<\/div>\n\t\t<\/section>\n\t\t\t\t\t\t\t\t\t<\/div>\n\t\t\t<\/div>\n\t\t\t\t\t<\/div>\n\t\t","protected":false},"excerpt":{"rendered":"<p>https:\/\/youtu.be\/A8YjYYa5Wrc 1946. L&#8217;Italia sta alzando la testa dopo una guerra che l&#8217;ha devastata. C&#8217;\u00e8 una nazione da ricostruire un popolo da ricompattare. Rimini \u00e8 uscita dal conflitto con il 35% dei suoi fabbricati andati completamente distrutti. Solo il 2% \u00e8 stato risparmiato dalle bombe. Le strade sono colabrodi, le infrastrutture praticamente inesistenti. Il desiderio di [&hellip;]<\/p>\n","protected":false},"author":1,"featured_media":0,"parent":163,"menu_order":0,"comment_status":"closed","ping_status":"closed","template":"template-full.php","meta":{"footnotes":""},"class_list":["post-61","page","type-page","status-publish","hentry"],"_links":{"self":[{"href":"https:\/\/www.cbrcoop.com\/index.php?rest_route=\/wp\/v2\/pages\/61","targetHints":{"allow":["GET"]}}],"collection":[{"href":"https:\/\/www.cbrcoop.com\/index.php?rest_route=\/wp\/v2\/pages"}],"about":[{"href":"https:\/\/www.cbrcoop.com\/index.php?rest_route=\/wp\/v2\/types\/page"}],"author":[{"embeddable":true,"href":"https:\/\/www.cbrcoop.com\/index.php?rest_route=\/wp\/v2\/users\/1"}],"replies":[{"embeddable":true,"href":"https:\/\/www.cbrcoop.com\/index.php?rest_route=%2Fwp%2Fv2%2Fcomments&post=61"}],"version-history":[{"count":5,"href":"https:\/\/www.cbrcoop.com\/index.php?rest_route=\/wp\/v2\/pages\/61\/revisions"}],"predecessor-version":[{"id":621,"href":"https:\/\/www.cbrcoop.com\/index.php?rest_route=\/wp\/v2\/pages\/61\/revisions\/621"}],"up":[{"embeddable":true,"href":"https:\/\/www.cbrcoop.com\/index.php?rest_route=\/wp\/v2\/pages\/163"}],"wp:attachment":[{"href":"https:\/\/www.cbrcoop.com\/index.php?rest_route=%2Fwp%2Fv2%2Fmedia&parent=61"}],"curies":[{"name":"wp","href":"https:\/\/api.w.org\/{rel}","templated":true}]}}